{"id":3167,"date":"2026-04-22T23:05:12","date_gmt":"2026-04-22T23:05:12","guid":{"rendered":"https:\/\/store.completei.org\/?post_type=product&#038;p=3167"},"modified":"2026-04-22T23:05:12","modified_gmt":"2026-04-22T23:05:12","slug":"programa-expansion-liderazgo-12-meses","status":"publish","type":"product","link":"https:\/\/store.completei.org\/index.php\/product\/programa-expansion-liderazgo-12-meses\/","title":{"rendered":"Programa Expansi\u00f3n &#038; Liderazgo  (12 meses)"},"content":{"rendered":"<p>INCLUYE:<br \/>\n<img decoding=\"async\" class=\"emoji\" role=\"img\" draggable=\"false\" src=\"https:\/\/s.w.org\/images\/core\/emoji\/17.0.2\/svg\/2705.svg\" alt=\"\u2705\" \/>Diagnostico LIFE<br \/>\n<img decoding=\"async\" class=\"emoji\" role=\"img\" draggable=\"false\" src=\"https:\/\/s.w.org\/images\/core\/emoji\/17.0.2\/svg\/2705.svg\" alt=\"\u2705\" \/>24 Sesiones 1 a 1 (2\/mes)<br \/>\n<img decoding=\"async\" class=\"emoji\" role=\"img\" draggable=\"false\" src=\"https:\/\/s.w.org\/images\/core\/emoji\/17.0.2\/svg\/2705.svg\" alt=\"\u2705\" \/>Plan Anual + Revisiones trimestrales<br \/>\n<img decoding=\"async\" class=\"emoji\" role=\"img\" draggable=\"false\" src=\"https:\/\/s.w.org\/images\/core\/emoji\/17.0.2\/svg\/2705.svg\" alt=\"\u2705\" \/>Revisi\u00f3n Mensual + Sistema de ejecuci\u00f3n<br \/>\n<img decoding=\"async\" class=\"emoji\" role=\"img\" draggable=\"false\" src=\"https:\/\/s.w.org\/images\/core\/emoji\/17.0.2\/svg\/2705.svg\" alt=\"\u2705\" \/>Valoraci\u00f3n DISC Maxwell + 1 Sesi\u00f3n de An\u00e1lisis profundo<br \/>\n<img decoding=\"async\" class=\"emoji\" role=\"img\" draggable=\"false\" src=\"https:\/\/s.w.org\/images\/core\/emoji\/17.0.2\/svg\/2705.svg\" alt=\"\u2705\" \/>Online curso 10 Lecciones DISC + hojas de trabajo<\/p>\n","protected":false},"excerpt":{"rendered":"<p>INCLUYE: Diagnostico LIFE 24 Sesiones 1 a 1 (2\/mes) Plan Anual + Revisiones trimestrales Revisi\u00f3n Mensual + Sistema de ejecuci\u00f3n Valoraci\u00f3n DISC Maxwell + 1 Sesi\u00f3n de An\u00e1lisis profundo Online curso 10 Lecciones DISC + hojas de trabajo<\/p>\n","protected":false},"featured_media":1825,"comment_status":"open","ping_status":"closed","template":"","meta":{"give_campaign_id":0,"om_disable_all_campaigns":false,"_monsterinsights_skip_tracking":false,"_monsterinsights_sitenote_active":false,"_monsterinsights_sitenote_note":"","_monsterinsights_sitenote_category":0,"site-sidebar-layout":"default","site-content-layout":"","ast-site-content-layout":"default","site-content-style":"default","site-sidebar-style":"default","ast-global-header-display":"","ast-banner-title-visibility":"","ast-main-header-display":"","ast-hfb-above-header-display":"","ast-hfb-below-header-display":"","ast-hfb-mobile-header-display":"","site-post-title":"","ast-breadcrumbs-content":"","ast-featured-img":"","footer-sml-layout":"","ast-disable-related-posts":"","theme-transparent-header-meta":"default","adv-header-id-meta":"","stick-header-meta":"","header-above-stick-meta":"","header-main-stick-meta":"","header-below-stick-meta":"","astra-migrate-meta-layouts":"set","ast-page-background-enabled":"default","ast-page-background-meta":{"desktop":{"background-color":"","background-image":"","background-repeat":"repeat","background-position":"center center","background-size":"auto","background-attachment":"scroll","background-type":"","background-media":"","overlay-type":"","overlay-color":"","overlay-opacity":"","overlay-gradient":""},"tablet":{"background-color":"","background-image":"","background-repeat":"repeat","background-position":"center center","background-size":"auto","background-attachment":"scroll","background-type":"","background-media":"","overlay-type":"","overlay-color":"","overlay-opacity":"","overlay-gradient":""},"mobile":{"background-color":"","background-image":"","background-repeat":"repeat","background-position":"center center","background-size":"auto","background-attachment":"scroll","background-type":"","background-media":"","overlay-type":"","overlay-color":"","overlay-opacity":"","overlay-gradient":""}},"ast-content-background-meta":{"desktop":{"background-color":"var(--ast-global-color-5)","background-image":"","background-repeat":"repeat","background-position":"center center","background-size":"auto","background-attachment":"scroll","background-type":"","background-media":"","overlay-type":"","overlay-color":"","overlay-opacity":"","overlay-gradient":""},"tablet":{"background-color":"var(--ast-global-color-5)","background-image":"","background-repeat":"repeat","background-position":"center center","background-size":"auto","background-attachment":"scroll","background-type":"","background-media":"","overlay-type":"","overlay-color":"","overlay-opacity":"","overlay-gradient":""},"mobile":{"background-color":"var(--ast-global-color-5)","background-image":"","background-repeat":"repeat","background-position":"center center","background-size":"auto","background-attachment":"scroll","background-type":"","background-media":"","overlay-type":"","overlay-color":"","overlay-opacity":"","overlay-gradient":""}}},"product_brand":[],"product_cat":[35],"product_tag":[],"class_list":{"0":"post-3167","1":"product","2":"type-product","3":"status-publish","4":"has-post-thumbnail","6":"product_cat-leadership-resources","7":"desktop-align-center","8":"tablet-align-left","9":"mobile-align-left","11":"first","12":"instock","13":"shipping-taxable","14":"purchasable","15":"product-type-simple"},"aioseo_notices":[],"_links":{"self":[{"href":"https:\/\/store.completei.org\/index.php\/wp-json\/wp\/v2\/product\/3167","targetHints":{"allow":["GET"]}}],"collection":[{"href":"https:\/\/store.completei.org\/index.php\/wp-json\/wp\/v2\/product"}],"about":[{"href":"https:\/\/store.completei.org\/index.php\/wp-json\/wp\/v2\/types\/product"}],"replies":[{"embeddable":true,"href":"https:\/\/store.completei.org\/index.php\/wp-json\/wp\/v2\/comments?post=3167"}],"wp:featuredmedia":[{"embeddable":true,"href":"https:\/\/store.completei.org\/index.php\/wp-json\/wp\/v2\/media\/1825"}],"wp:attachment":[{"href":"https:\/\/store.completei.org\/index.php\/wp-json\/wp\/v2\/media?parent=3167"}],"wp:term":[{"taxonomy":"product_brand","embeddable":true,"href":"https:\/\/store.completei.org\/index.php\/wp-json\/wp\/v2\/product_brand?post=3167"},{"taxonomy":"product_cat","embeddable":true,"href":"https:\/\/store.completei.org\/index.php\/wp-json\/wp\/v2\/product_cat?post=3167"},{"taxonomy":"product_tag","embeddable":true,"href":"https:\/\/store.completei.org\/index.php\/wp-json\/wp\/v2\/product_tag?post=3167"}],"curies":[{"name":"wp","href":"https:\/\/api.w.org\/{rel}","templated":true}]}}