{"id":3157,"date":"2026-03-11T21:23:46","date_gmt":"2026-03-11T21:23:46","guid":{"rendered":"https:\/\/store.completei.org\/?post_type=product&#038;p=3157"},"modified":"2026-04-22T19:43:10","modified_gmt":"2026-04-22T19:43:10","slug":"kafe-complete-origen-san-calixto","status":"publish","type":"product","link":"https:\/\/store.completei.org\/index.php\/product\/kafe-complete-origen-san-calixto\/","title":{"rendered":"KAFE Complete \u2013 Origen San Calixto"},"content":{"rendered":"<p><strong>Origen \/ Origin:<\/strong>\u00a0San Calixto, Norte de Santander, Colombia<br \/>\n<strong>Variedad \/ Variety:<\/strong>\u00a0Castillo<br \/>\n<strong>Altura \/ Altitude:\u00a0<\/strong>1700 msnm \/ 1700 meters above sea level<br \/>\n<strong>Perfil en Taza \/ Cup Profile:<\/strong>\u00a0Fragancia dulce e intensa con notas de panela, caramelo y<br \/>\nlimoncillo, acidez c\u00edtrica media, cuerpo medio y final prolongado. \/ Sweet and intense fragrance<br \/>\nwith notes of panela, caramel, and lemongrass, medium citrus acidity, medium body, and a long<br \/>\nfinish.<br \/>\n<strong>Puntaje \/ Score:\u00a0<\/strong>SCA 85 \u2013 Caf\u00e9 de especialidad \/ Specialty Coffee<br \/>\nCaf\u00e9 con Prop\u00f3sito \/ Coffee with Purpose<br \/>\nCada compra de KAFE Complete apoya programas de liderazgo, transformaci\u00f3n y esperanza<br \/>\npara ni\u00f1os y j\u00f3venes a trav\u00e9s de Complete International.<br \/>\nEvery purchase of KAFE Complete supports programs of leadership, transformation, and hope<br \/>\nfor children and youth through Complete International.<\/p>\n","protected":false},"excerpt":{"rendered":"<p>Caf\u00e9 de especialidad\u00a0 con fragancia dulce e intensa con notas de panela, caramelo y limoncillo, acidez c\u00edtrica media, cuerpo medio y final prolongado. \/ <strong>Specialty Coffee Sweet and intense fragrance with notes of panela, caramel, and lemongrass, medium citrus acidity, medium body, and a long <\/strong><strong>finish.<\/strong><br \/>\nCada taza apoya programas de liderazgo, transformaci\u00f3n y esperanza para ni\u00f1os y j\u00f3venes.<br \/>\n<strong>Every cup supports programs of leadership, transformation, and hope for children and youth.<\/strong><\/p>\n","protected":false},"featured_media":3159,"comment_status":"open","ping_status":"closed","template":"","meta":{"give_campaign_id":0,"om_disable_all_campaigns":false,"_monsterinsights_skip_tracking":false,"_monsterinsights_sitenote_active":false,"_monsterinsights_sitenote_note":"","_monsterinsights_sitenote_category":0,"site-sidebar-layout":"default","site-content-layout":"","ast-site-content-layout":"default","site-content-style":"default","site-sidebar-style":"default","ast-global-header-display":"","ast-banner-title-visibility":"","ast-main-header-display":"","ast-hfb-above-header-display":"","ast-hfb-below-header-display":"","ast-hfb-mobile-header-display":"","site-post-title":"","ast-breadcrumbs-content":"","ast-featured-img":"","footer-sml-layout":"","ast-disable-related-posts":"","theme-transparent-header-meta":"default","adv-header-id-meta":"","stick-header-meta":"","header-above-stick-meta":"","header-main-stick-meta":"","header-below-stick-meta":"","astra-migrate-meta-layouts":"set","ast-page-background-enabled":"default","ast-page-background-meta":{"desktop":{"background-color":"","background-image":"","background-repeat":"repeat","background-position":"center center","background-size":"auto","background-attachment":"scroll","background-type":"","background-media":"","overlay-type":"","overlay-color":"","overlay-opacity":"","overlay-gradient":""},"tablet":{"background-color":"","background-image":"","background-repeat":"repeat","background-position":"center center","background-size":"auto","background-attachment":"scroll","background-type":"","background-media":"","overlay-type":"","overlay-color":"","overlay-opacity":"","overlay-gradient":""},"mobile":{"background-color":"","background-image":"","background-repeat":"repeat","background-position":"center center","background-size":"auto","background-attachment":"scroll","background-type":"","background-media":"","overlay-type":"","overlay-color":"","overlay-opacity":"","overlay-gradient":""}},"ast-content-background-meta":{"desktop":{"background-color":"var(--ast-global-color-5)","background-image":"","background-repeat":"repeat","background-position":"center center","background-size":"auto","background-attachment":"scroll","background-type":"","background-media":"","overlay-type":"","overlay-color":"","overlay-opacity":"","overlay-gradient":""},"tablet":{"background-color":"var(--ast-global-color-5)","background-image":"","background-repeat":"repeat","background-position":"center center","background-size":"auto","background-attachment":"scroll","background-type":"","background-media":"","overlay-type":"","overlay-color":"","overlay-opacity":"","overlay-gradient":""},"mobile":{"background-color":"var(--ast-global-color-5)","background-image":"","background-repeat":"repeat","background-position":"center center","background-size":"auto","background-attachment":"scroll","background-type":"","background-media":"","overlay-type":"","overlay-color":"","overlay-opacity":"","overlay-gradient":""}}},"product_brand":[],"product_cat":[62],"product_tag":[],"class_list":{"0":"post-3157","1":"product","2":"type-product","3":"status-publish","4":"has-post-thumbnail","6":"product_cat-kafe-complete","7":"desktop-align-center","8":"tablet-align-left","9":"mobile-align-left","11":"first","12":"instock","13":"shipping-taxable","14":"purchasable","15":"product-type-variable"},"aioseo_notices":[],"_links":{"self":[{"href":"https:\/\/store.completei.org\/index.php\/wp-json\/wp\/v2\/product\/3157","targetHints":{"allow":["GET"]}}],"collection":[{"href":"https:\/\/store.completei.org\/index.php\/wp-json\/wp\/v2\/product"}],"about":[{"href":"https:\/\/store.completei.org\/index.php\/wp-json\/wp\/v2\/types\/product"}],"replies":[{"embeddable":true,"href":"https:\/\/store.completei.org\/index.php\/wp-json\/wp\/v2\/comments?post=3157"}],"wp:featuredmedia":[{"embeddable":true,"href":"https:\/\/store.completei.org\/index.php\/wp-json\/wp\/v2\/media\/3159"}],"wp:attachment":[{"href":"https:\/\/store.completei.org\/index.php\/wp-json\/wp\/v2\/media?parent=3157"}],"wp:term":[{"taxonomy":"product_brand","embeddable":true,"href":"https:\/\/store.completei.org\/index.php\/wp-json\/wp\/v2\/product_brand?post=3157"},{"taxonomy":"product_cat","embeddable":true,"href":"https:\/\/store.completei.org\/index.php\/wp-json\/wp\/v2\/product_cat?post=3157"},{"taxonomy":"product_tag","embeddable":true,"href":"https:\/\/store.completei.org\/index.php\/wp-json\/wp\/v2\/product_tag?post=3157"}],"curies":[{"name":"wp","href":"https:\/\/api.w.org\/{rel}","templated":true}]}}