{"id":3082,"date":"2025-11-27T22:56:57","date_gmt":"2025-11-27T22:56:57","guid":{"rendered":"https:\/\/store.completei.org\/?post_type=product&#038;p=3082"},"modified":"2025-11-27T22:58:16","modified_gmt":"2025-11-27T22:58:16","slug":"complete-christmas-challenge-2-0-calendar-and-journal","status":"publish","type":"product","link":"https:\/\/store.completei.org\/index.php\/product\/complete-christmas-challenge-2-0-calendar-and-journal\/","title":{"rendered":"Complete Christmas Challenge 2.0 Calendar and Journal"},"content":{"rendered":"<p dir=\"ltr\">Esta Navidad queremos invitarte a vivir algo inolvidable: un viaje de 25 d\u00edas para reencontrarte con la historia que cambi\u00f3 al mundo.<\/p>\n<p dir=\"ltr\">Complete Christmas Challenge\u00a0es un calendario de adviento dise\u00f1ado para ayudarte a enfocar tu mente y tu coraz\u00f3n en lo que realmente celebramos: el nacimiento de Jes\u00fas.<\/p>\n<p dir=\"ltr\">A trav\u00e9s de vers\u00edculos y pasajes que anuncian su venida, revelan su prop\u00f3sito y recuerdan cada detalle de Su nacimiento, este devocional te acompa\u00f1ar\u00e1 d\u00eda a d\u00eda para profundizar en la belleza y el significado de la Navidad.<\/p>\n<p dir=\"ltr\">Puedes hacerlo en familia, con amigos o a solas en un tiempo de reflexi\u00f3n personal. Desc\u00e1rgalo, impr\u00edmelo o ll\u00e9valo contigo en tu celular, tablet o computadora. Y si deseas, comp\u00e1rtelo con otras personas para que tambi\u00e9n preparen su coraz\u00f3n para celebrar la llegada del Pr\u00edncipe de Paz.<\/p>\n","protected":false},"excerpt":{"rendered":"<p>Descarga gratis este calendario de adviento, y dedica 25 d\u00edas a reencontrarte con la historia que cambi\u00f3 al mundo: el nacimiento de Jes\u00fas.<\/p>\n","protected":false},"featured_media":3084,"comment_status":"open","ping_status":"closed","template":"","meta":{"give_campaign_id":0,"om_disable_all_campaigns":false,"_monsterinsights_skip_tracking":false,"_monsterinsights_sitenote_active":false,"_monsterinsights_sitenote_note":"","_monsterinsights_sitenote_category":0,"site-sidebar-layout":"default","site-content-layout":"","ast-site-content-layout":"default","site-content-style":"default","site-sidebar-style":"default","ast-global-header-display":"","ast-banner-title-visibility":"","ast-main-header-display":"","ast-hfb-above-header-display":"","ast-hfb-below-header-display":"","ast-hfb-mobile-header-display":"","site-post-title":"","ast-breadcrumbs-content":"","ast-featured-img":"","footer-sml-layout":"","theme-transparent-header-meta":"default","adv-header-id-meta":"","stick-header-meta":"","header-above-stick-meta":"","header-main-stick-meta":"","header-below-stick-meta":"","astra-migrate-meta-layouts":"set","ast-page-background-enabled":"default","ast-page-background-meta":{"desktop":{"background-color":"","background-image":"","background-repeat":"repeat","background-position":"center center","background-size":"auto","background-attachment":"scroll","background-type":"","background-media":"","overlay-type":"","overlay-color":"","overlay-gradient":""},"tablet":{"background-color":"","background-image":"","background-repeat":"repeat","background-position":"center center","background-size":"auto","background-attachment":"scroll","background-type":"","background-media":"","overlay-type":"","overlay-color":"","overlay-gradient":""},"mobile":{"background-color":"","background-image":"","background-repeat":"repeat","background-position":"center center","background-size":"auto","background-attachment":"scroll","background-type":"","background-media":"","overlay-type":"","overlay-color":"","overlay-gradient":""}},"ast-content-background-meta":{"desktop":{"background-color":"var(--ast-global-color-5)","background-image":"","background-repeat":"repeat","background-position":"center center","background-size":"auto","background-attachment":"scroll","background-type":"","background-media":"","overlay-type":"","overlay-color":"","overlay-gradient":""},"tablet":{"background-color":"var(--ast-global-color-5)","background-image":"","background-repeat":"repeat","background-position":"center center","background-size":"auto","background-attachment":"scroll","background-type":"","background-media":"","overlay-type":"","overlay-color":"","overlay-gradient":""},"mobile":{"background-color":"var(--ast-global-color-5)","background-image":"","background-repeat":"repeat","background-position":"center center","background-size":"auto","background-attachment":"scroll","background-type":"","background-media":"","overlay-type":"","overlay-color":"","overlay-gradient":""}}},"product_brand":[],"product_cat":[39,44,60],"product_tag":[],"class_list":{"0":"post-3082","1":"product","2":"type-product","3":"status-publish","4":"has-post-thumbnail","6":"product_cat-gear-store","7":"product_cat-recursos-en-espanol","8":"product_cat-recursos-de-fe","9":"desktop-align-center","10":"tablet-align-left","11":"mobile-align-left","13":"first","14":"instock","15":"downloadable","16":"virtual","17":"purchasable","18":"product-type-simple"},"aioseo_notices":[],"_links":{"self":[{"href":"https:\/\/store.completei.org\/index.php\/wp-json\/wp\/v2\/product\/3082","targetHints":{"allow":["GET"]}}],"collection":[{"href":"https:\/\/store.completei.org\/index.php\/wp-json\/wp\/v2\/product"}],"about":[{"href":"https:\/\/store.completei.org\/index.php\/wp-json\/wp\/v2\/types\/product"}],"replies":[{"embeddable":true,"href":"https:\/\/store.completei.org\/index.php\/wp-json\/wp\/v2\/comments?post=3082"}],"wp:featuredmedia":[{"embeddable":true,"href":"https:\/\/store.completei.org\/index.php\/wp-json\/wp\/v2\/media\/3084"}],"wp:attachment":[{"href":"https:\/\/store.completei.org\/index.php\/wp-json\/wp\/v2\/media?parent=3082"}],"wp:term":[{"taxonomy":"product_brand","embeddable":true,"href":"https:\/\/store.completei.org\/index.php\/wp-json\/wp\/v2\/product_brand?post=3082"},{"taxonomy":"product_cat","embeddable":true,"href":"https:\/\/store.completei.org\/index.php\/wp-json\/wp\/v2\/product_cat?post=3082"},{"taxonomy":"product_tag","embeddable":true,"href":"https:\/\/store.completei.org\/index.php\/wp-json\/wp\/v2\/product_tag?post=3082"}],"curies":[{"name":"wp","href":"https:\/\/api.w.org\/{rel}","templated":true}]}}